{"id":2168,"date":"2025-03-26T21:23:01","date_gmt":"2025-03-26T20:23:01","guid":{"rendered":"https:\/\/www.montedih.me\/?page_id=2168"},"modified":"2025-05-09T13:03:06","modified_gmt":"2025-05-09T11:03:06","slug":"vijesti","status":"publish","type":"page","link":"https:\/\/www.montedih.me\/en\/vijesti\/","title":{"rendered":"Vijesti"},"content":{"rendered":"<div data-elementor-type=\"wp-page\" data-elementor-id=\"2168\" class=\"elementor elementor-2168\">\n\t\t\t\t\t\t<section class=\"elementor-section elementor-top-section elementor-element elementor-element-5cc25a45 elementor-section-full_width elementor-section-height-default elementor-section-height-default qodef-elementor-content-no\" data-id=\"5cc25a45\" data-element_type=\"section\" data-settings=\"{&quot;background_background&quot;:&quot;classic&quot;}\">\n\t\t\t\t\t\t<div class=\"elementor-container elementor-column-gap-default\">\n\t\t\t\t\t<div class=\"elementor-column elementor-col-100 elementor-top-column elementor-element elementor-element-1b90627c\" data-id=\"1b90627c\" data-element_type=\"column\">\n\t\t\t<div class=\"elementor-widget-wrap elementor-element-populated\">\n\t\t\t\t\t\t<div class=\"elementor-element elementor-element-57afc84f elementor-widget__width-initial elementor-widget-tablet__width-inherit elementor-widget elementor-widget-qi_addons_for_elementor_section_title\" data-id=\"57afc84f\" data-element_type=\"widget\" data-widget_type=\"qi_addons_for_elementor_section_title.default\">\n\t\t\t\t<div class=\"elementor-widget-container\">\n\t\t\t\t\t<div class=\"qodef-shortcode qodef-m qodef-qi-section-title qodef-decoration--italic qodef-link--underline-draw qodef-subtitle-icon--left\">\n\t\t\t\t<h6 class=\"qodef-m-subtitle\">\n\t\tMontEdih\t\t\t<\/h6>\n\t\t\t<h2 class=\"qodef-m-title\">\n\t\tLatest news\t<\/h2>\n\t\t\t<div class=\"qodef-m-text\"><p class=\"whitespace-pre-wrap\">Stay up to date with the latest developments<\/p><\/div>\n\t<\/div>\n\t\t\t\t<\/div>\n\t\t\t\t<\/div>\n\t\t\t\t\t<\/div>\n\t\t<\/div>\n\t\t\t\t\t<\/div>\n\t\t<\/section>\n\t\t<div class=\"elementor-element elementor-element-6632209c e-flex e-con-boxed qodef-elementor-content-no e-con e-parent\" data-id=\"6632209c\" data-element_type=\"container\">\n\t\t\t\t\t<div class=\"e-con-inner\">\n\t\t\t\t<div class=\"elementor-element elementor-element-6dce65a0 elementor-widget elementor-widget-qi_addons_for_elementor_blog_list\" data-id=\"6dce65a0\" data-element_type=\"widget\" data-widget_type=\"qi_addons_for_elementor_blog_list.default\">\n\t\t\t\t<div class=\"elementor-widget-container\">\n\t\t\t\t\t<div class=\"qodef-shortcode qodef-m qodef-addons-blog-list qodef-info-no-icons qodef-image--hover-zoom qodef-qi-grid qodef-layout--qi-columns qodef-col-num--3 qodef-item-layout--boxed qodef-responsive--predefined\" >\n\t<div class=\"qodef-grid-inner\">\n\t\t<article class=\"qodef-e qodef-blog-item qodef-grid-item qodef-item--full post-4547 post type-post status-publish format-standard has-post-thumbnail hentry category-novosti\">\n\t<div class=\"qodef-e-inner\">\n\t\t<div class=\"qodef-e-media-holder\">\n\t\t\t<div class=\"qodef-e-media\">\n\t\t<div class=\"qodef-e-media-image\">\n\t\t<a itemprop=\"url\" href=\"https:\/\/www.montedih.me\/en\/institucije-kroz-edih-concierge-servis-privredne-komore-crne-gore-dobijaju-besplatnu-strucnu-podrsku-za-digitalnu-transformaciju\/\">\n\t\t\t<img fetchpriority=\"high\" decoding=\"async\" width=\"415\" height=\"517\" src=\"https:\/\/www.montedih.me\/wp-content\/uploads\/2025\/12\/logo-s.png\" class=\"attachment-full size-full\" alt=\"\" srcset=\"https:\/\/www.montedih.me\/wp-content\/uploads\/2025\/12\/logo-s.png 415w, https:\/\/www.montedih.me\/wp-content\/uploads\/2025\/12\/logo-s-241x300.png 241w, https:\/\/www.montedih.me\/wp-content\/uploads\/2025\/12\/logo-s-10x12.png 10w\" sizes=\"(max-width: 415px) 100vw, 415px\" \/>\t\t<\/a>\n\t\t\t<\/div>\n<\/div>\n<div itemprop=\"dateCreated\" class=\"qodef-e-info-item qodef-e-info-date entry-date\">\n\t<a itemprop=\"url\" href=\"https:\/\/www.montedih.me\/en\/2026\/04\/\">\n\t\t27 Apr\t<\/a>\n<\/div>\n\t\t<\/div>\n\t\t<div class=\"qodef-e-content\">\n\t\t\t\t\t\t\t<div class=\"qodef-e-info qodef-info--top\">\n\t\t\t\t\t\t\t\t\t<\/div>\n\t\t\t\t\t\t<div class=\"qodef-e-text\">\n\t\t\t\t<h5 itemprop=\"name\" class=\"qodef-e-title entry-title\">\n\t<a itemprop=\"url\" class=\"qodef-e-title-link\" href=\"https:\/\/www.montedih.me\/en\/institucije-kroz-edih-concierge-servis-privredne-komore-crne-gore-dobijaju-besplatnu-strucnu-podrsku-za-digitalnu-transformaciju\/\">\n\t\tInstitutions Receive Free Expert Support for Digital Transformation Through the Chamber of Economy of Montenegro\u2019s EDIH Concierge Service\t<\/a>\n<\/h5>\n\t\t<p itemprop=\"description\" class=\"qodef-e-excerpt\">\n\t\t\tInstitutions Receive Free Expert Support for Digital Transformation Through the Chamber of Economy of Montenegro\u2019s EDIH Concierge Service\t\t<\/p>\n\t\t\t\t<\/div>\n\t\t\t\t\t\t\t<div class=\"qodef-e-info qodef-info--bottom\">\n\t\t\t\t\t\t<div class=\"qodef-e-read-more\">\n\t\t<a class=\"qodef-shortcode qodef-m qodef-qi-button qodef-html--link qodef-layout--outlined qodef-type--standard qodef-size--small qodef-icon--right qodef-hover--icon-move-horizontal-short\" href=\"https:\/\/www.montedih.me\/en\/institucije-kroz-edih-concierge-servis-privredne-komore-crne-gore-dobijaju-besplatnu-strucnu-podrsku-za-digitalnu-transformaciju\/\" target=\"_self\">\t<span class=\"qodef-m-text\">Read more<\/span>\t<\/a>\t<\/div>\n\t\t\t\t<\/div>\n\t\t\t\t\t<\/div>\n\t<\/div>\n<\/article>\n<article class=\"qodef-e qodef-blog-item qodef-grid-item qodef-item--full post-4542 post type-post status-publish format-standard has-post-thumbnail hentry category-najave-dogadaja category-novosti\">\n\t<div class=\"qodef-e-inner\">\n\t\t<div class=\"qodef-e-media-holder\">\n\t\t\t<div class=\"qodef-e-media\">\n\t\t<div class=\"qodef-e-media-image\">\n\t\t<a itemprop=\"url\" href=\"https:\/\/www.montedih.me\/en\/obuka-o-vjestinama-3d-stampe\/\">\n\t\t\t<img decoding=\"async\" width=\"1920\" height=\"2400\" src=\"https:\/\/www.montedih.me\/wp-content\/uploads\/2026\/04\/3d-stampa.jpeg\" class=\"attachment-full size-full\" alt=\"\" srcset=\"https:\/\/www.montedih.me\/wp-content\/uploads\/2026\/04\/3d-stampa.jpeg 1920w, https:\/\/www.montedih.me\/wp-content\/uploads\/2026\/04\/3d-stampa-240x300.jpeg 240w, https:\/\/www.montedih.me\/wp-content\/uploads\/2026\/04\/3d-stampa-819x1024.jpeg 819w, https:\/\/www.montedih.me\/wp-content\/uploads\/2026\/04\/3d-stampa-768x960.jpeg 768w, https:\/\/www.montedih.me\/wp-content\/uploads\/2026\/04\/3d-stampa-1229x1536.jpeg 1229w, https:\/\/www.montedih.me\/wp-content\/uploads\/2026\/04\/3d-stampa-1638x2048.jpeg 1638w, https:\/\/www.montedih.me\/wp-content\/uploads\/2026\/04\/3d-stampa-10x12.jpeg 10w\" sizes=\"(max-width: 1920px) 100vw, 1920px\" \/>\t\t<\/a>\n\t\t\t<\/div>\n<\/div>\n<div itemprop=\"dateCreated\" class=\"qodef-e-info-item qodef-e-info-date entry-date\">\n\t<a itemprop=\"url\" href=\"https:\/\/www.montedih.me\/en\/2026\/04\/\">\n\t\t27 Apr\t<\/a>\n<\/div>\n\t\t<\/div>\n\t\t<div class=\"qodef-e-content\">\n\t\t\t\t\t\t\t<div class=\"qodef-e-info qodef-info--top\">\n\t\t\t\t\t\t\t\t\t<\/div>\n\t\t\t\t\t\t<div class=\"qodef-e-text\">\n\t\t\t\t<h5 itemprop=\"name\" class=\"qodef-e-title entry-title\">\n\t<a itemprop=\"url\" class=\"qodef-e-title-link\" href=\"https:\/\/www.montedih.me\/en\/obuka-o-vjestinama-3d-stampe\/\">\n\t\t3D PRINTING SKILLS TRAINING\t<\/a>\n<\/h5>\n\t\t<p itemprop=\"description\" class=\"qodef-e-excerpt\">\n\t\t\tTehnologija 3D \u0161tampe je unijela nebrojeno mnogo novih mogu\u0107nosti u svijet proizvodnje i izmijenila shvatanje koje profesionalci i hobisti imaju prema procesu razvoja novih i pobolj\u0161anja postoje\u0107ih proizvoda.\t\t<\/p>\n\t\t\t\t<\/div>\n\t\t\t\t\t\t\t<div class=\"qodef-e-info qodef-info--bottom\">\n\t\t\t\t\t\t<div class=\"qodef-e-read-more\">\n\t\t<a class=\"qodef-shortcode qodef-m qodef-qi-button qodef-html--link qodef-layout--outlined qodef-type--standard qodef-size--small qodef-icon--right qodef-hover--icon-move-horizontal-short\" href=\"https:\/\/www.montedih.me\/en\/obuka-o-vjestinama-3d-stampe\/\" target=\"_self\">\t<span class=\"qodef-m-text\">Read more<\/span>\t<\/a>\t<\/div>\n\t\t\t\t<\/div>\n\t\t\t\t\t<\/div>\n\t<\/div>\n<\/article>\n<article class=\"qodef-e qodef-blog-item qodef-grid-item qodef-item--full post-4537 post type-post status-publish format-standard has-post-thumbnail hentry category-najave-dogadaja category-novosti\">\n\t<div class=\"qodef-e-inner\">\n\t\t<div class=\"qodef-e-media-holder\">\n\t\t\t<div class=\"qodef-e-media\">\n\t\t<div class=\"qodef-e-media-image\">\n\t\t<a itemprop=\"url\" href=\"https:\/\/www.montedih.me\/en\/napredna-hpc-high-performance-computing-prakticna-obuka\/\">\n\t\t\t<img decoding=\"async\" width=\"1587\" height=\"2245\" src=\"https:\/\/www.montedih.me\/wp-content\/uploads\/2026\/04\/1775219558726140.png\" class=\"attachment-full size-full\" alt=\"\" srcset=\"https:\/\/www.montedih.me\/wp-content\/uploads\/2026\/04\/1775219558726140.png 1587w, https:\/\/www.montedih.me\/wp-content\/uploads\/2026\/04\/1775219558726140-212x300.png 212w, https:\/\/www.montedih.me\/wp-content\/uploads\/2026\/04\/1775219558726140-724x1024.png 724w, https:\/\/www.montedih.me\/wp-content\/uploads\/2026\/04\/1775219558726140-768x1086.png 768w, https:\/\/www.montedih.me\/wp-content\/uploads\/2026\/04\/1775219558726140-1086x1536.png 1086w, https:\/\/www.montedih.me\/wp-content\/uploads\/2026\/04\/1775219558726140-1448x2048.png 1448w, https:\/\/www.montedih.me\/wp-content\/uploads\/2026\/04\/1775219558726140-8x12.png 8w\" sizes=\"(max-width: 1587px) 100vw, 1587px\" \/>\t\t<\/a>\n\t\t\t<\/div>\n<\/div>\n<div itemprop=\"dateCreated\" class=\"qodef-e-info-item qodef-e-info-date entry-date\">\n\t<a itemprop=\"url\" href=\"https:\/\/www.montedih.me\/en\/2026\/04\/\">\n\t\t6 Apr\t<\/a>\n<\/div>\n\t\t<\/div>\n\t\t<div class=\"qodef-e-content\">\n\t\t\t\t\t\t\t<div class=\"qodef-e-info qodef-info--top\">\n\t\t\t\t\t\t\t\t\t<\/div>\n\t\t\t\t\t\t<div class=\"qodef-e-text\">\n\t\t\t\t<h5 itemprop=\"name\" class=\"qodef-e-title entry-title\">\n\t<a itemprop=\"url\" class=\"qodef-e-title-link\" href=\"https:\/\/www.montedih.me\/en\/napredna-hpc-high-performance-computing-prakticna-obuka\/\">\n\t\tAdvanced HPC (High Performance Computing) Practical Training\t<\/a>\n<\/h5>\n\t\t<p itemprop=\"description\" class=\"qodef-e-excerpt\">\n\t\t\tAdvanced HPC (High Performance Computing) Practical Training\nCorresponding MontEDIH Service: Advanced HPC Practical Training\t\t<\/p>\n\t\t\t\t<\/div>\n\t\t\t\t\t\t\t<div class=\"qodef-e-info qodef-info--bottom\">\n\t\t\t\t\t\t<div class=\"qodef-e-read-more\">\n\t\t<a class=\"qodef-shortcode qodef-m qodef-qi-button qodef-html--link qodef-layout--outlined qodef-type--standard qodef-size--small qodef-icon--right qodef-hover--icon-move-horizontal-short\" href=\"https:\/\/www.montedih.me\/en\/napredna-hpc-high-performance-computing-prakticna-obuka\/\" target=\"_self\">\t<span class=\"qodef-m-text\">Read more<\/span>\t<\/a>\t<\/div>\n\t\t\t\t<\/div>\n\t\t\t\t\t<\/div>\n\t<\/div>\n<\/article>\n<article class=\"qodef-e qodef-blog-item qodef-grid-item qodef-item--full post-4531 post type-post status-publish format-standard has-post-thumbnail hentry category-najave-dogadaja category-novosti\">\n\t<div class=\"qodef-e-inner\">\n\t\t<div class=\"qodef-e-media-holder\">\n\t\t\t<div class=\"qodef-e-media\">\n\t\t<div class=\"qodef-e-media-image\">\n\t\t<a itemprop=\"url\" href=\"https:\/\/www.montedih.me\/en\/osnovna-hpc-high-performance-computing-obuka-za-msp-i-javne-institucije\/\">\n\t\t\t<img loading=\"lazy\" decoding=\"async\" width=\"1080\" height=\"1350\" src=\"https:\/\/www.montedih.me\/wp-content\/uploads\/2026\/04\/1775219558919592.png\" class=\"attachment-full size-full\" alt=\"\" srcset=\"https:\/\/www.montedih.me\/wp-content\/uploads\/2026\/04\/1775219558919592.png 1080w, https:\/\/www.montedih.me\/wp-content\/uploads\/2026\/04\/1775219558919592-240x300.png 240w, https:\/\/www.montedih.me\/wp-content\/uploads\/2026\/04\/1775219558919592-819x1024.png 819w, https:\/\/www.montedih.me\/wp-content\/uploads\/2026\/04\/1775219558919592-768x960.png 768w, https:\/\/www.montedih.me\/wp-content\/uploads\/2026\/04\/1775219558919592-10x12.png 10w\" sizes=\"(max-width: 1080px) 100vw, 1080px\" \/>\t\t<\/a>\n\t\t\t<\/div>\n<\/div>\n<div itemprop=\"dateCreated\" class=\"qodef-e-info-item qodef-e-info-date entry-date\">\n\t<a itemprop=\"url\" href=\"https:\/\/www.montedih.me\/en\/2026\/04\/\">\n\t\t6 Apr\t<\/a>\n<\/div>\n\t\t<\/div>\n\t\t<div class=\"qodef-e-content\">\n\t\t\t\t\t\t\t<div class=\"qodef-e-info qodef-info--top\">\n\t\t\t\t\t\t\t\t\t<\/div>\n\t\t\t\t\t\t<div class=\"qodef-e-text\">\n\t\t\t\t<h5 itemprop=\"name\" class=\"qodef-e-title entry-title\">\n\t<a itemprop=\"url\" class=\"qodef-e-title-link\" href=\"https:\/\/www.montedih.me\/en\/osnovna-hpc-high-performance-computing-obuka-za-msp-i-javne-institucije\/\">\n\t\tTraining Title: Basic HPC (High Performance Computing) Training for SMEs and Public Institutions\t<\/a>\n<\/h5>\n\t\t<p itemprop=\"description\" class=\"qodef-e-excerpt\">\n\t\t\tBasic HPC (High Performance Computing) Training for SMEs and Public Institutions\nCorresponding MontEDIH Service: Basic HPC Training\t\t<\/p>\n\t\t\t\t<\/div>\n\t\t\t\t\t\t\t<div class=\"qodef-e-info qodef-info--bottom\">\n\t\t\t\t\t\t<div class=\"qodef-e-read-more\">\n\t\t<a class=\"qodef-shortcode qodef-m qodef-qi-button qodef-html--link qodef-layout--outlined qodef-type--standard qodef-size--small qodef-icon--right qodef-hover--icon-move-horizontal-short\" href=\"https:\/\/www.montedih.me\/en\/osnovna-hpc-high-performance-computing-obuka-za-msp-i-javne-institucije\/\" target=\"_self\">\t<span class=\"qodef-m-text\">Read more<\/span>\t<\/a>\t<\/div>\n\t\t\t\t<\/div>\n\t\t\t\t\t<\/div>\n\t<\/div>\n<\/article>\n<article class=\"qodef-e qodef-blog-item qodef-grid-item qodef-item--full post-4527 post type-post status-publish format-standard has-post-thumbnail hentry category-novosti\">\n\t<div class=\"qodef-e-inner\">\n\t\t<div class=\"qodef-e-media-holder\">\n\t\t\t<div class=\"qodef-e-media\">\n\t\t<div class=\"qodef-e-media-image\">\n\t\t<a itemprop=\"url\" href=\"https:\/\/www.montedih.me\/en\/prvo-izdanje-montedih-biltena\/\">\n\t\t\t<img loading=\"lazy\" decoding=\"async\" width=\"1080\" height=\"1350\" src=\"https:\/\/www.montedih.me\/wp-content\/uploads\/2026\/04\/d38edbb0-b86b-4763-b337-7345bcf13040.jpeg\" class=\"attachment-full size-full\" alt=\"\" srcset=\"https:\/\/www.montedih.me\/wp-content\/uploads\/2026\/04\/d38edbb0-b86b-4763-b337-7345bcf13040.jpeg 1080w, https:\/\/www.montedih.me\/wp-content\/uploads\/2026\/04\/d38edbb0-b86b-4763-b337-7345bcf13040-240x300.jpeg 240w, https:\/\/www.montedih.me\/wp-content\/uploads\/2026\/04\/d38edbb0-b86b-4763-b337-7345bcf13040-819x1024.jpeg 819w, https:\/\/www.montedih.me\/wp-content\/uploads\/2026\/04\/d38edbb0-b86b-4763-b337-7345bcf13040-768x960.jpeg 768w, https:\/\/www.montedih.me\/wp-content\/uploads\/2026\/04\/d38edbb0-b86b-4763-b337-7345bcf13040-10x12.jpeg 10w\" sizes=\"(max-width: 1080px) 100vw, 1080px\" \/>\t\t<\/a>\n\t\t\t<\/div>\n<\/div>\n<div itemprop=\"dateCreated\" class=\"qodef-e-info-item qodef-e-info-date entry-date\">\n\t<a itemprop=\"url\" href=\"https:\/\/www.montedih.me\/en\/2026\/04\/\">\n\t\t3 Apr\t<\/a>\n<\/div>\n\t\t<\/div>\n\t\t<div class=\"qodef-e-content\">\n\t\t\t\t\t\t\t<div class=\"qodef-e-info qodef-info--top\">\n\t\t\t\t\t\t\t\t\t<\/div>\n\t\t\t\t\t\t<div class=\"qodef-e-text\">\n\t\t\t\t<h5 itemprop=\"name\" class=\"qodef-e-title entry-title\">\n\t<a itemprop=\"url\" class=\"qodef-e-title-link\" href=\"https:\/\/www.montedih.me\/en\/prvo-izdanje-montedih-biltena\/\">\n\t\tPrvo izdanje MontEDIH biltena\t<\/a>\n<\/h5>\n\t\t<p itemprop=\"description\" class=\"qodef-e-excerpt\">\n\t\t\tU svijetu koji se pod uticajem tehnologije mijenja br\u017ee nego ikada, nije dovoljno samo posmatrati promjene, ve\u0107 pravovremeno odgovoriti na tren\t\t<\/p>\n\t\t\t\t<\/div>\n\t\t\t\t\t\t\t<div class=\"qodef-e-info qodef-info--bottom\">\n\t\t\t\t\t\t<div class=\"qodef-e-read-more\">\n\t\t<a class=\"qodef-shortcode qodef-m qodef-qi-button qodef-html--link qodef-layout--outlined qodef-type--standard qodef-size--small qodef-icon--right qodef-hover--icon-move-horizontal-short\" href=\"https:\/\/www.montedih.me\/en\/prvo-izdanje-montedih-biltena\/\" target=\"_self\">\t<span class=\"qodef-m-text\">Read more<\/span>\t<\/a>\t<\/div>\n\t\t\t\t<\/div>\n\t\t\t\t\t<\/div>\n\t<\/div>\n<\/article>\n<article class=\"qodef-e qodef-blog-item qodef-grid-item qodef-item--full post-4523 post type-post status-publish format-standard has-post-thumbnail hentry category-najave-dogadaja category-novosti\">\n\t<div class=\"qodef-e-inner\">\n\t\t<div class=\"qodef-e-media-holder\">\n\t\t\t<div class=\"qodef-e-media\">\n\t\t<div class=\"qodef-e-media-image\">\n\t\t<a itemprop=\"url\" href=\"https:\/\/www.montedih.me\/en\/sestomjesecni-program-inkubacije-za-startapove\/\">\n\t\t\t<img loading=\"lazy\" decoding=\"async\" width=\"1280\" height=\"1600\" src=\"https:\/\/www.montedih.me\/wp-content\/uploads\/2026\/03\/Najava-obuke-06.jpg\" class=\"attachment-full size-full\" alt=\"\" srcset=\"https:\/\/www.montedih.me\/wp-content\/uploads\/2026\/03\/Najava-obuke-06.jpg 1280w, https:\/\/www.montedih.me\/wp-content\/uploads\/2026\/03\/Najava-obuke-06-240x300.jpg 240w, https:\/\/www.montedih.me\/wp-content\/uploads\/2026\/03\/Najava-obuke-06-819x1024.jpg 819w, https:\/\/www.montedih.me\/wp-content\/uploads\/2026\/03\/Najava-obuke-06-768x960.jpg 768w, https:\/\/www.montedih.me\/wp-content\/uploads\/2026\/03\/Najava-obuke-06-1229x1536.jpg 1229w, https:\/\/www.montedih.me\/wp-content\/uploads\/2026\/03\/Najava-obuke-06-10x12.jpg 10w\" sizes=\"(max-width: 1280px) 100vw, 1280px\" \/>\t\t<\/a>\n\t\t\t<\/div>\n<\/div>\n<div itemprop=\"dateCreated\" class=\"qodef-e-info-item qodef-e-info-date entry-date\">\n\t<a itemprop=\"url\" href=\"https:\/\/www.montedih.me\/en\/2026\/03\/\">\n\t\t26 Mar\t<\/a>\n<\/div>\n\t\t<\/div>\n\t\t<div class=\"qodef-e-content\">\n\t\t\t\t\t\t\t<div class=\"qodef-e-info qodef-info--top\">\n\t\t\t\t\t\t\t\t\t<\/div>\n\t\t\t\t\t\t<div class=\"qodef-e-text\">\n\t\t\t\t<h5 itemprop=\"name\" class=\"qodef-e-title entry-title\">\n\t<a itemprop=\"url\" class=\"qodef-e-title-link\" href=\"https:\/\/www.montedih.me\/en\/sestomjesecni-program-inkubacije-za-startapove\/\">\n\t\tSix-Month Incubation Program for Startups\t<\/a>\n<\/h5>\n\t\t<p itemprop=\"description\" class=\"qodef-e-excerpt\">\n\t\t\tService Provider: ICT Cortex\nTarget Users: SMEs and startups looking to enhance their digital and business capacities\t\t<\/p>\n\t\t\t\t<\/div>\n\t\t\t\t\t\t\t<div class=\"qodef-e-info qodef-info--bottom\">\n\t\t\t\t\t\t<div class=\"qodef-e-read-more\">\n\t\t<a class=\"qodef-shortcode qodef-m qodef-qi-button qodef-html--link qodef-layout--outlined qodef-type--standard qodef-size--small qodef-icon--right qodef-hover--icon-move-horizontal-short\" href=\"https:\/\/www.montedih.me\/en\/sestomjesecni-program-inkubacije-za-startapove\/\" target=\"_self\">\t<span class=\"qodef-m-text\">Read more<\/span>\t<\/a>\t<\/div>\n\t\t\t\t<\/div>\n\t\t\t\t\t<\/div>\n\t<\/div>\n<\/article>\n\t<\/div>\n\t\t<div class=\"qodef-addons-m-pagination qodef--standard\">\n\t\t<nav class=\"navigation pagination\" role=\"navigation\" aria-label=\"Posts\">\n\t\t\t<h2 class=\"screen-reader-text\">Posts navigation<\/h2>\n\t\t\t<div class=\"nav-links\">\n\t\t\t\t<span aria-current=\"page\" class=\"page-numbers current\">1<\/span>\n<a class=\"page-numbers\" href=\"https:\/\/www.montedih.me\/en\/wp-json\/wp\/v2\/pages\/2168\/page\/2\/\">2<\/a>\n<a class=\"page-numbers\" href=\"https:\/\/www.montedih.me\/en\/wp-json\/wp\/v2\/pages\/2168\/page\/3\/\">3<\/a>\n<a class=\"page-numbers\" href=\"https:\/\/www.montedih.me\/en\/wp-json\/wp\/v2\/pages\/2168\/page\/4\/\">4<\/a>\n<a class=\"next page-numbers\" href=\"https:\/\/www.montedih.me\/en\/wp-json\/wp\/v2\/pages\/2168\/page\/2\/\"><svg class=\"qodef-m-pagination-icon\" xmlns=\"http:\/\/www.w3.org\/2000\/svg\" x=\"0px\" y=\"0px\" width=\"6.2px\" height=\"10.8px\" viewbox=\"0 0 6.2 10.8\" xml:space=\"preserve\" style=\"stroke: none;\"><g><path d=\"M5.9,5.9l-4.7,4.7c-0.3,0.3-0.7,0.3-1,0c-0.1-0.1-0.2-0.3-0.2-0.5c0-0.2,0.1-0.4,0.2-0.5l4.1-4.2L0.3,1.2c-0.4-0.3-0.4-0.7,0-1c0.3-0.3,0.7-0.3,1,0l4.7,4.7C6.1,5,6.2,5.2,6.2,5.4C6.2,5.6,6.1,5.8,5.9,5.9z\"\/><\/g><\/svg><\/a>\t\t\t<\/div>\n\t\t<\/nav>\n\t<\/div>\n<\/div>\n\t\t\t\t<\/div>\n\t\t\t\t<\/div>\n\t\t\t\t\t<\/div>\n\t\t\t\t<\/div>\n\t\t\t\t<\/div>","protected":false},"excerpt":{"rendered":"<p>MontEdih Najnovije vijesti Budite u toku s najnovijim de\u0161avanjima 26 mar test 2 Dodati kalendar doga\u0111aja na prvoj stranici. Doga\u0111aje bi dodavali preko admin portala. Pogledati primjer na stranici EDIH Adria. Dodati kalendar Op\u0161irnije 26 mar test 1 Dodati kalendar doga\u0111aja na prvoj stranici. Doga\u0111aje bi dodavali preko admin portala. Pogledati primjer na stranici EDIH [&hellip;]<\/p>","protected":false},"author":1,"featured_media":0,"parent":0,"menu_order":0,"comment_status":"closed","ping_status":"closed","template":"qi-full-width.php","meta":{"_mc_calendar":[],"footnotes":""},"class_list":["post-2168","page","type-page","status-publish","hentry"],"_links":{"self":[{"href":"https:\/\/www.montedih.me\/en\/wp-json\/wp\/v2\/pages\/2168","targetHints":{"allow":["GET"]}}],"collection":[{"href":"https:\/\/www.montedih.me\/en\/wp-json\/wp\/v2\/pages"}],"about":[{"href":"https:\/\/www.montedih.me\/en\/wp-json\/wp\/v2\/types\/page"}],"author":[{"embeddable":true,"href":"https:\/\/www.montedih.me\/en\/wp-json\/wp\/v2\/users\/1"}],"replies":[{"embeddable":true,"href":"https:\/\/www.montedih.me\/en\/wp-json\/wp\/v2\/comments?post=2168"}],"version-history":[{"count":52,"href":"https:\/\/www.montedih.me\/en\/wp-json\/wp\/v2\/pages\/2168\/revisions"}],"predecessor-version":[{"id":3746,"href":"https:\/\/www.montedih.me\/en\/wp-json\/wp\/v2\/pages\/2168\/revisions\/3746"}],"wp:attachment":[{"href":"https:\/\/www.montedih.me\/en\/wp-json\/wp\/v2\/media?parent=2168"}],"curies":[{"name":"wp","href":"https:\/\/api.w.org\/{rel}","templated":true}]}}