{"id":2201,"date":"2025-03-26T22:43:03","date_gmt":"2025-03-26T21:43:03","guid":{"rendered":"https:\/\/www.montedih.me\/?page_id=2201"},"modified":"2025-05-09T12:47:34","modified_gmt":"2025-05-09T10:47:34","slug":"kalendar","status":"publish","type":"page","link":"https:\/\/www.montedih.me\/en\/kalendar\/","title":{"rendered":"Kalendar"},"content":{"rendered":"<div data-elementor-type=\"wp-page\" data-elementor-id=\"2201\" class=\"elementor elementor-2201\">\n\t\t\t\t\t\t<section class=\"elementor-section elementor-top-section elementor-element elementor-element-32b03040 elementor-section-full_width elementor-section-height-default elementor-section-height-default qodef-elementor-content-no\" data-id=\"32b03040\" data-element_type=\"section\" data-settings=\"{&quot;background_background&quot;:&quot;classic&quot;}\">\n\t\t\t\t\t\t<div class=\"elementor-container elementor-column-gap-default\">\n\t\t\t\t\t<div class=\"elementor-column elementor-col-100 elementor-top-column elementor-element elementor-element-2def1274\" data-id=\"2def1274\" data-element_type=\"column\">\n\t\t\t<div class=\"elementor-widget-wrap elementor-element-populated\">\n\t\t\t\t\t\t<div class=\"elementor-element elementor-element-42452a5b elementor-widget__width-initial elementor-widget-tablet__width-inherit elementor-widget elementor-widget-qi_addons_for_elementor_section_title\" data-id=\"42452a5b\" data-element_type=\"widget\" data-widget_type=\"qi_addons_for_elementor_section_title.default\">\n\t\t\t\t<div class=\"elementor-widget-container\">\n\t\t\t\t\t<div class=\"qodef-shortcode qodef-m qodef-qi-section-title qodef-decoration--italic qodef-link--underline-draw qodef-subtitle-icon--left\">\n\t\t\t\t<h6 class=\"qodef-m-subtitle\">\n\t\tMontEdih\t\t\t<\/h6>\n\t\t\t<h2 class=\"qodef-m-title\">\n\t\tEvents calendar\t<\/h2>\n\t\t\t<\/div>\n\t\t\t\t<\/div>\n\t\t\t\t<\/div>\n\t\t\t\t\t<\/div>\n\t\t<\/div>\n\t\t\t\t\t<\/div>\n\t\t<\/section>\n\t\t\t\t<section class=\"elementor-section elementor-top-section elementor-element elementor-element-6a0daba7 elementor-section-full_width qodef-elementor-content-grid elementor-section-height-default elementor-section-height-default\" data-id=\"6a0daba7\" data-element_type=\"section\" data-settings=\"{&quot;background_background&quot;:&quot;classic&quot;}\">\n\t\t\t\t\t\t<div class=\"elementor-container elementor-column-gap-default\">\n\t\t\t\t\t<div class=\"elementor-column elementor-col-100 elementor-top-column elementor-element elementor-element-7936a69f\" data-id=\"7936a69f\" data-element_type=\"column\">\n\t\t\t<div class=\"elementor-widget-wrap elementor-element-populated\">\n\t\t\t\t\t\t<div class=\"elementor-element elementor-element-66375da0 elementor-widget elementor-widget-shortcode\" data-id=\"66375da0\" data-element_type=\"widget\" data-widget_type=\"shortcode.default\">\n\t\t\t\t<div class=\"elementor-widget-container\">\n\t\t\t\t\t\t\t<div class=\"elementor-shortcode\">\r\n<div id='mc-948a6a8e8cd15db324902317a630b853' class='mc-main mcjs listjs gridjs minijs ajaxjs calendar month mc-948a6a8e8cd15db324902317a630b853 has-modal is-main-view' >\n<script type=\"application\/ld+json\">\n[{\"@context\":\"https:\/\/schema.org\",\"@type\":\"Event\",\"name\":\"OBUKA O VJE\\u0160TINAMA 3D \\u0160TAMPE\",\"description\":\"&lt;p&gt;Tehnologija 3D \\u0161tampe je unijela nebrojeno mnogo novih mogu\\u0107nosti u svijet proizvodnje i izmijenila shvatanje koje profesionalci i hobisti imaju prema procesu razvoja novih i pobolj\\u0161anja postoje\\u0107ih proizvoda. Tempo razvoja 3D \\u0161tampe je nezaustavljiv, a sa unapre\\u0111enjem tehnologije i proizvodnih materijala, softverskih algoritama i implementacijom vje\\u0161ta\\u010dke inteligencije kvalitet i pouzdanost rje\\u0161enja dobijenih aditivnim tehnologijama postaje sve bolji, a samim tim i konkurentniji klasi\\u010dnoj proizvodnji. Gotovo svakodnevno se otvaraju nove mogu\\u0107nosti u domenu aditivnih tehnologija i za MSP sektor je jako va\\u017eno biti u koraku sa brzim promjenama koje se de\\u0161avaju i biti upu\\u0107en u mogu\\u0107nosti koje postoje u industriji 3D \\u0161tampe.&lt;\/p&gt;\\n\",\"image\":\"\",\"url\":\"https:\/\/www.montedih.me\/en\/mc-events\/obuka-o-vjestinama-3d-stampe\/\",\"startDate\":\"2026-04-27T00:00:00+01:00\",\"endDate\":\"2026-04-28T00:00:59+01:00\",\"duration\":\"PD1TH0M0\",\"eventAttendanceMode\":\"https:\/\/schema.org\/OfflineEventAttendanceMode\",\"location\":{\"@context\":\"https:\/\/schema.org\",\"@type\":\"Place\",\"name\":\"IPC Tehnopolis, Dom digitalne revolucije, Njego\\u0161eva bb\",\"description\":\"\",\"url\":\"https:\/\/www.montedih.me\/en\/mc-locations\/ipc-tehnopolis-dom-digitalne-revolucije-njegoseva-bb\/\",\"address\":{\"@type\":\"PostalAddress\",\"streetAddress\":\"Njego\\u0161eva bb\",\"addressLocality\":\"Nik\\u0161i\\u0107\",\"addressRegion\":\"\",\"postalCode\":\"\",\"addressCountry\":\"\"},\"telephone\":\"n\/a\",\"sameAs\":\"\"}}]\n<\/script>\n<h2 id=\"mc_head_mc-948a6a8e8cd15db324902317a630b853\" class=\"heading my-calendar-month\"><span>_____________________________<\/span><\/h2>\n\n<nav class=\"my-calendar-navigation\" aria-label=\"Calendar (top)\">\n<div class=\"my-calendar-header\"><div class=\"my-calendar-date-switcher\"><form class=\"mc-date-switcher\" action=\"https:\/\/www.montedih.me\/en\/wp-json\/wp\/v2\/pages\/2201\/\" method=\"get\" data-trp-original-action=\"https:\/\/www.montedih.me\/en\/wp-json\/wp\/v2\/pages\/2201\/\"><div><input type=\"hidden\" name=\"cid\" value=\"mc-948a6a8e8cd15db324902317a630b853\" \/> <label class=\"maybe-hide\" for=\"mc-948a6a8e8cd15db324902317a630b853-month\">Month<\/label> <select id=\"mc-948a6a8e8cd15db324902317a630b853-month\" name=\"month\">\n<option value='1'>Januar<\/option>\n<option value='2'>Februar<\/option>\n<option value='3'>Mart<\/option>\n<option value='4'>April<\/option>\n<option value='5' selected='selected'>Maj<\/option>\n<option value='6'>Jun<\/option>\n<option value='7'>Jul<\/option>\n<option value='8'>Avgust<\/option>\n<option value='9'>Septembar<\/option>\n<option value='10'>Oktobar<\/option>\n<option value='11'>Novembar<\/option>\n<option value='12'>Decembar<\/option>\n<\/select>\n <label class=\"maybe-hide\" for=\"mc-948a6a8e8cd15db324902317a630b853-year\">Year<\/label> <select id=\"mc-948a6a8e8cd15db324902317a630b853-year\" name=\"yr\">\n<option value=\"2025\">2025<\/option>\n<option value=\"2026\" selected='selected'>2026<\/option>\n<\/select> <input type=\"submit\" class=\"button\" data-href=\"https:\/\/www.montedih.me\/en\/wp-json\/wp\/v2\/pages\/2201\/\" value=\"Go\" \/><\/div><input type=\"hidden\" name=\"trp-form-language\" value=\"en\"\/><\/form><\/div><\/div>\n<\/nav>\n<div class=\"mc-content\">\n<table class='my-calendar-table' aria-labelledby='mc_head_mc-948a6a8e8cd15db324902317a630b853'>\n<thead>\n\t<tr class='mc-row'>\n\t\t<th scope=\"col\" class='day-heading mon'><abbr title=\"Ponedjeljak\" aria-hidden=\"true\">Mon<\/abbr><span class=\"screen-reader-text\">Ponedjeljak<\/span><\/th>\n\n\t\t<th scope=\"col\" class='day-heading tues'><abbr title=\"Utorak\" aria-hidden=\"true\">Tue<\/abbr><span class=\"screen-reader-text\">Utorak<\/span><\/th>\n\n\t\t<th scope=\"col\" class='day-heading wed'><abbr title=\"Srijeda\" aria-hidden=\"true\">Wed<\/abbr><span class=\"screen-reader-text\">Srijeda<\/span><\/th>\n\n\t\t<th scope=\"col\" class='day-heading thur'><abbr title=\"\u010cetvrtak\" aria-hidden=\"true\">Thu<\/abbr><span class=\"screen-reader-text\">\u010cetvrtak<\/span><\/th>\n\n\t\t<th scope=\"col\" class='day-heading fri'><abbr title=\"Petak\" aria-hidden=\"true\">Fri<\/abbr><span class=\"screen-reader-text\">Petak<\/span><\/th>\n\n\t\t<th scope=\"col\" class='weekend-heading sat'><abbr title=\"Subota\" aria-hidden=\"true\">Sat<\/abbr><span class=\"screen-reader-text\">Subota<\/span><\/th>\n\n\t\t<th scope=\"col\" class='weekend-heading sun'><abbr title=\"Nedjelja\" aria-hidden=\"true\">Sun<\/abbr><span class=\"screen-reader-text\">Nedjelja<\/span><\/th>\n\t<\/tr>\n<\/thead>\n<tbody>\n<tr class='mc-row'><td id='calendar-2026-04-27' class='mc-events ponedjeljak pon past-day past-date  nextmonth has-events author1 mcat_general day-with-date'><div class='mc-date-container'>\n\t<span class='mc-date'><span aria-hidden='true' class='mc-day-number'>27<\/span><span class='screen-reader-text mc-day-date'>April 27, 2026<\/span><span class=\"event-icon\" aria-hidden=\"true\">&#9679;<\/span><span class=\"screen-reader-text\"><span class=\"mc-list-details event-count\">(1 event)<\/span><\/span><\/span><\/div><article id='mc_calendar_27_14-calendar-14' class='mc-mc_calendar_14 calendar-event mc_general mc_ipc-tehnopolis-dom-digitalne-revolucije-njegoeva-bb past-event mc_primary_general nonrecurring mc-24-hours mc-start-00-00 ungrouped mc-event-11 mc-events mc-event mc_rel_general'><header>\t<h3 class='event-title summary' id='mc_14-title-mc-948a6a8e8cd15db324902317a630b853'><button type='button' id='modal-button-mc_calendar_27_14-calendar-details-14' data-modal-content-id='mc_calendar_27_14-calendar-details-14' data-modal-prefix-class='my-calendar' data-modal-close-text='' data-modal-title='OBUKA O VJE\u0160TINAMA 3D \u0160TAMPE' aria-controls='mc_calendar_27_14-calendar-details-14' class='calendar mc-modal button button-link url summary has-image'><svg style=\"fill:#ffffff\" focusable=\"false\" role=\"img\" aria-labelledby=\"cat_1-144\" class=\"category-icon\" xmlns=\"http:\/\/www.w3.org\/2000\/svg\" viewbox=\"0 0 448 512\"><!-- Font Awesome Free 5.15.3 by @fontawesome - https:\/\/fontawesome.com License - https:\/\/fontawesome.com\/license\/free (Icons: CC BY 4.0, Fonts: SIL OFL 1.1, Code: MIT License) --><title id='cat_1-144'>Category: General<\/title><path d=\"M12 192h424c6.6 0 12 5.4 12 12v260c0 26.5-21.5 48-48 48H48c-26.5 0-48-21.5-48-48V204c0-6.6 5.4-12 12-12zm436-44v-36c0-26.5-21.5-48-48-48h-48V12c0-6.6-5.4-12-12-12h-40c-6.6 0-12 5.4-12 12v52H160V12c0-6.6-5.4-12-12-12h-40c-6.6 0-12 5.4-12 12v52H48C21.5 64 0 85.5 0 112v36c0 6.6 5.4 12 12 12h424c6.6 0 12-5.4 12-12z\"\/><\/svg> <div>3D PRINTING SKILLS TRAINING<\/div><\/button><\/h3>\n<\/header><div id='mc_calendar_27_14-calendar-details-14' class='details no-image uses-modal single-details'  aria-labelledby='mc_14-title-mc-948a6a8e8cd15db324902317a630b853'>\n\t<button type='button' aria-controls='mc_calendar_27_14-calendar-details-14' class='mc-toggle close'><span class='dashicons dashicons-dismiss' aria-hidden='true'><\/span><span class='screen-reader-text'>Close<\/span><\/button>\n\t\r\n\t<div class='time-block'>\r\n\t\t<span class='mc-icon' aria-hidden='true'><\/span>\r\n\t\t<p><span class=\"time-wrapper\">  <\/span><span class=\"date-wrapper\"><span class='mc-start-date dtstart' title='2026-04-27T00:00:00+02:00' content='2026-04-27T00:00:00+02:00'>April 27, 2026<\/span>  <\/span><\/p>\r\n\t<\/div>\n\t\t<div class='shortdesc description'><p>3D printing technology has introduced countless new possibilities to the manufacturing world, reshaping the perspective that professionals and hobbyists have toward developing new products and improving existing ones. The pace of 3D printing development is unstoppable; with advancements in technology, production materials, software algorithms, and the implementation of AI, the quality and reliability of additive manufacturing solutions are steadily improving, becoming increasingly competitive with traditional manufacturing. New opportunities in additive technologies emerge almost daily, and it is crucial for the SME sector to keep pace with these rapid changes and stay informed about the possibilities within the 3D printing industry.<\/p>\n<\/div>\n\t\t<div class=\"mc-location\"><div class=\"address location vcard\"><div class=\"adr h-card\"><div><strong class=\"location-link\">IPC Tehnopolis, Dom digitalne revolucije, Njego\u0161eva bb<\/strong><\/div><div class='sub-address'><div class=\"street-address p-street-address\">Njego\u0161eva bb<\/div><div><span class=\"locality p-locality\">Nik\u0161i\u0107<\/span><span class=\"mc-sep\">, <\/span><\/div><div class=\"mc-events-link\"><a class=\"location-link\" href=\"https:\/\/www.montedih.me\/en\/mc-locations\/ipc-tehnopolis-dom-digitalne-revolucije-njegoseva-bb\/\">View Location<\/a><\/div><\/div><\/div><div class='map'><a href='https:\/\/maps.google.com\/maps?z=16&amp;daddr=Njego\u0161eva+bb++Nik\u0161i\u0107+++' class='url external'><span class='mc-icon' aria-hidden='true'><\/span>Map<span class='screen-reader-text fn'> IPC Tehnopolis, Dom digitalne revolucije, Njego\u0161eva bb<\/span><\/a><\/div><\/div><\/div>\n\t\t<div class=\"sharing\">\t<p class='mc-details'><a aria-label='Op\u0161irnije: OBUKA O VJE\u0160TINAMA 3D \u0160TAMPE' href='https:\/\/www.montedih.me\/en\/mc-events\/obuka-o-vjestinama-3d-stampe\/'>Read more<\/a><\/p>\n<\/div><\/div><!--end .details--><\/article>\n<\/td>\n<td class='no-events utorak uto past-day past-date  nextmonth no-events day-with-date'><div class='mc-date-container'><span class='mc-date no-events'><span aria-hidden='true'>28<\/span><span class='screen-reader-text'>April 28, 2026<\/span><\/span><\/div>\n<\/td>\n<td class='no-events srijeda sri past-day past-date  nextmonth no-events day-with-date'><div class='mc-date-container'><span class='mc-date no-events'><span aria-hidden='true'>29<\/span><span class='screen-reader-text'>April 29, 2026<\/span><\/span><\/div>\n<\/td>\n<td class='no-events etvrtak et past-day past-date  nextmonth no-events day-with-date'><div class='mc-date-container'><span class='mc-date no-events'><span aria-hidden='true'>30<\/span><span class='screen-reader-text'>April 30, 2026<\/span><\/span><\/div>\n<\/td>\n<td class='no-events petak pet past-day past-date   no-events day-with-date'><div class='mc-date-container'><span class='mc-date no-events'><span aria-hidden='true'>1<\/span><span class='screen-reader-text'>Maj 1, 2026<\/span><\/span><\/div>\n<\/td>\n<td class='no-events subota sub past-day past-date weekend  no-events day-with-date'><div class='mc-date-container'><span class='mc-date no-events'><span aria-hidden='true'>2<\/span><span class='screen-reader-text'>Maj 2, 2026<\/span><\/span><\/div>\n<\/td>\n<td class='no-events nedjelja ned past-day past-date weekend  no-events day-with-date'><div class='mc-date-container'><span class='mc-date no-events'><span aria-hidden='true'>3<\/span><span class='screen-reader-text'>Maj 3, 2026<\/span><\/span><\/div>\n<\/td>\n<\/tr>\n<!-- End Event Row -->\n<tr class='mc-row'><td class='no-events ponedjeljak pon past-day past-date   no-events day-with-date'><div class='mc-date-container'><span class='mc-date no-events'><span aria-hidden='true'>4<\/span><span class='screen-reader-text'>Maj 4, 2026<\/span><\/span><\/div>\n<\/td>\n<td class='no-events utorak uto past-day past-date   no-events day-with-date'><div class='mc-date-container'><span class='mc-date no-events'><span aria-hidden='true'>5<\/span><span class='screen-reader-text'>Maj 5, 2026<\/span><\/span><\/div>\n<\/td>\n<td class='no-events srijeda sri past-day past-date   no-events day-with-date'><div class='mc-date-container'><span class='mc-date no-events'><span aria-hidden='true'>6<\/span><span class='screen-reader-text'>Maj 6, 2026<\/span><\/span><\/div>\n<\/td>\n<td class='no-events etvrtak et past-day past-date   no-events day-with-date'><div class='mc-date-container'><span class='mc-date no-events'><span aria-hidden='true'>7<\/span><span class='screen-reader-text'>Maj 7, 2026<\/span><\/span><\/div>\n<\/td>\n<td class='no-events petak pet past-day past-date   no-events day-with-date'><div class='mc-date-container'><span class='mc-date no-events'><span aria-hidden='true'>8<\/span><span class='screen-reader-text'>Maj 8, 2026<\/span><\/span><\/div>\n<\/td>\n<td aria-current=\"date\" class='no-events subota sub current-day weekend  no-events day-with-date'><div class='mc-date-container'><span class='mc-date no-events'><span aria-hidden='true'>9<\/span><span class='screen-reader-text'>Maj 9, 2026<\/span><\/span><\/div>\n<\/td>\n<td class='no-events nedjelja ned future-day weekend  no-events day-with-date'><div class='mc-date-container'><span class='mc-date no-events'><span aria-hidden='true'>10<\/span><span class='screen-reader-text'>Maj 10, 2026<\/span><\/span><\/div>\n<\/td>\n<\/tr>\n<!-- End Event Row -->\n<tr class='mc-row'><td class='no-events ponedjeljak pon future-day   no-events day-with-date'><div class='mc-date-container'><span class='mc-date no-events'><span aria-hidden='true'>11<\/span><span class='screen-reader-text'>Maj 11, 2026<\/span><\/span><\/div>\n<\/td>\n<td class='no-events utorak uto future-day   no-events day-with-date'><div class='mc-date-container'><span class='mc-date no-events'><span aria-hidden='true'>12<\/span><span class='screen-reader-text'>Maj 12, 2026<\/span><\/span><\/div>\n<\/td>\n<td class='no-events srijeda sri future-day   no-events day-with-date'><div class='mc-date-container'><span class='mc-date no-events'><span aria-hidden='true'>13<\/span><span class='screen-reader-text'>Maj 13, 2026<\/span><\/span><\/div>\n<\/td>\n<td class='no-events etvrtak et future-day   no-events day-with-date'><div class='mc-date-container'><span class='mc-date no-events'><span aria-hidden='true'>14<\/span><span class='screen-reader-text'>Maj 14, 2026<\/span><\/span><\/div>\n<\/td>\n<td class='no-events petak pet future-day   no-events day-with-date'><div class='mc-date-container'><span class='mc-date no-events'><span aria-hidden='true'>15<\/span><span class='screen-reader-text'>Maj 15, 2026<\/span><\/span><\/div>\n<\/td>\n<td class='no-events subota sub future-day weekend  no-events day-with-date'><div class='mc-date-container'><span class='mc-date no-events'><span aria-hidden='true'>16<\/span><span class='screen-reader-text'>Maj 16, 2026<\/span><\/span><\/div>\n<\/td>\n<td class='no-events nedjelja ned future-day weekend  no-events day-with-date'><div class='mc-date-container'><span class='mc-date no-events'><span aria-hidden='true'>17<\/span><span class='screen-reader-text'>Maj 17, 2026<\/span><\/span><\/div>\n<\/td>\n<\/tr>\n<!-- End Event Row -->\n<tr class='mc-row'><td class='no-events ponedjeljak pon future-day   no-events day-with-date'><div class='mc-date-container'><span class='mc-date no-events'><span aria-hidden='true'>18<\/span><span class='screen-reader-text'>Maj 18, 2026<\/span><\/span><\/div>\n<\/td>\n<td class='no-events utorak uto future-day   no-events day-with-date'><div class='mc-date-container'><span class='mc-date no-events'><span aria-hidden='true'>19<\/span><span class='screen-reader-text'>Maj 19, 2026<\/span><\/span><\/div>\n<\/td>\n<td class='no-events srijeda sri future-day   no-events day-with-date'><div class='mc-date-container'><span class='mc-date no-events'><span aria-hidden='true'>20<\/span><span class='screen-reader-text'>Maj 20, 2026<\/span><\/span><\/div>\n<\/td>\n<td class='no-events etvrtak et future-day   no-events day-with-date'><div class='mc-date-container'><span class='mc-date no-events'><span aria-hidden='true'>21<\/span><span class='screen-reader-text'>Maj 21, 2026<\/span><\/span><\/div>\n<\/td>\n<td class='no-events petak pet future-day   no-events day-with-date'><div class='mc-date-container'><span class='mc-date no-events'><span aria-hidden='true'>22<\/span><span class='screen-reader-text'>Maj 22, 2026<\/span><\/span><\/div>\n<\/td>\n<td class='no-events subota sub future-day weekend  no-events day-with-date'><div class='mc-date-container'><span class='mc-date no-events'><span aria-hidden='true'>23<\/span><span class='screen-reader-text'>Maj 23, 2026<\/span><\/span><\/div>\n<\/td>\n<td class='no-events nedjelja ned future-day weekend  no-events day-with-date'><div class='mc-date-container'><span class='mc-date no-events'><span aria-hidden='true'>24<\/span><span class='screen-reader-text'>Maj 24, 2026<\/span><\/span><\/div>\n<\/td>\n<\/tr>\n<!-- End Event Row -->\n<tr class='mc-row'><td class='no-events ponedjeljak pon future-day   no-events day-with-date'><div class='mc-date-container'><span class='mc-date no-events'><span aria-hidden='true'>25<\/span><span class='screen-reader-text'>Maj 25, 2026<\/span><\/span><\/div>\n<\/td>\n<td class='no-events utorak uto future-day   no-events day-with-date'><div class='mc-date-container'><span class='mc-date no-events'><span aria-hidden='true'>26<\/span><span class='screen-reader-text'>Maj 26, 2026<\/span><\/span><\/div>\n<\/td>\n<td class='no-events srijeda sri future-day   no-events day-with-date'><div class='mc-date-container'><span class='mc-date no-events'><span aria-hidden='true'>27<\/span><span class='screen-reader-text'>Maj 27, 2026<\/span><\/span><\/div>\n<\/td>\n<td class='no-events etvrtak et future-day   no-events day-with-date'><div class='mc-date-container'><span class='mc-date no-events'><span aria-hidden='true'>28<\/span><span class='screen-reader-text'>Maj 28, 2026<\/span><\/span><\/div>\n<\/td>\n<td class='no-events petak pet future-day   no-events day-with-date'><div class='mc-date-container'><span class='mc-date no-events'><span aria-hidden='true'>29<\/span><span class='screen-reader-text'>Maj 29, 2026<\/span><\/span><\/div>\n<\/td>\n<td class='no-events subota sub future-day weekend  no-events day-with-date'><div class='mc-date-container'><span class='mc-date no-events'><span aria-hidden='true'>30<\/span><span class='screen-reader-text'>Maj 30, 2026<\/span><\/span><\/div>\n<\/td>\n<td class='no-events nedjelja ned future-day weekend  no-events day-with-date'><div class='mc-date-container'><span class='mc-date no-events'><span aria-hidden='true'>31<\/span><span class='screen-reader-text'>Maj 31, 2026<\/span><\/span><\/div>\n<\/td>\n<\/tr>\n<!-- End Event Row -->\n\n<\/tbody>\n<\/table><\/div><!-- .mc-content -->\n<nav class=\"my-calendar-navigation\" aria-label=\"Calendar (bottom)\">\n<div class=\"mc_bottomnav my-calendar-footer\">\r\n\t\t<div class=\"my-calendar-nav\">\r\n\t\t\t<ul>\r\n\t\t\t\t<li class=\"my-calendar-prev\"><a id=\"mc_previous_mc-948a6a8e8cd15db324902317a630b853\" href=\"https:\/\/www.montedih.me\/en\/kalendar\/?yr=2026&#038;month=4&#038;dy&#038;cid=mc-948a6a8e8cd15db324902317a630b853&#038;time=month\" rel=\"nofollow\"><span class=\"mc-icon\" aria-hidden=\"true\"><\/span><span class=\"maybe-hide\">Previous <\/span><\/a><\/li><li class=\"my-calendar-today\"><a id=\"mc_today_mc-948a6a8e8cd15db324902317a630b853\" href=\"https:\/\/www.montedih.me\/en\/kalendar\/?cid=mc-948a6a8e8cd15db324902317a630b853\" rel=\"nofollow\" class=\"today mc-active\" aria-current=\"true\"><span class=\"mc-icon\" aria-hidden=\"true\"><\/span>Today<\/a><\/li>\r\n\t\t\t<\/ul>\r\n\t\t<\/div><\/div>\n<\/nav>\n\r\n<\/div><!-- Close Main My Calendar Wrapper --><\/div>\n\t\t\t\t\t\t<\/div>\n\t\t\t\t<\/div>\n\t\t\t\t\t<\/div>\n\t\t<\/div>\n\t\t\t\t\t<\/div>\n\t\t<\/section>\n\t\t\t\t<\/div>","protected":false},"excerpt":{"rendered":"<p>MontEdih Kalendar doga\u0111aja<\/p>","protected":false},"author":1,"featured_media":0,"parent":0,"menu_order":0,"comment_status":"closed","ping_status":"closed","template":"qi-full-width.php","meta":{"_mc_calendar":[],"footnotes":""},"class_list":["post-2201","page","type-page","status-publish","hentry"],"_links":{"self":[{"href":"https:\/\/www.montedih.me\/en\/wp-json\/wp\/v2\/pages\/2201","targetHints":{"allow":["GET"]}}],"collection":[{"href":"https:\/\/www.montedih.me\/en\/wp-json\/wp\/v2\/pages"}],"about":[{"href":"https:\/\/www.montedih.me\/en\/wp-json\/wp\/v2\/types\/page"}],"author":[{"embeddable":true,"href":"https:\/\/www.montedih.me\/en\/wp-json\/wp\/v2\/users\/1"}],"replies":[{"embeddable":true,"href":"https:\/\/www.montedih.me\/en\/wp-json\/wp\/v2\/comments?post=2201"}],"version-history":[{"count":52,"href":"https:\/\/www.montedih.me\/en\/wp-json\/wp\/v2\/pages\/2201\/revisions"}],"predecessor-version":[{"id":3740,"href":"https:\/\/www.montedih.me\/en\/wp-json\/wp\/v2\/pages\/2201\/revisions\/3740"}],"wp:attachment":[{"href":"https:\/\/www.montedih.me\/en\/wp-json\/wp\/v2\/media?parent=2201"}],"curies":[{"name":"wp","href":"https:\/\/api.w.org\/{rel}","templated":true}]}}