{"id":2630,"date":"2025-04-24T22:08:30","date_gmt":"2025-04-24T20:08:30","guid":{"rendered":"https:\/\/www.montedih.me\/?page_id=2630"},"modified":"2025-06-19T23:54:50","modified_gmt":"2025-06-19T21:54:50","slug":"partneri","status":"publish","type":"page","link":"https:\/\/www.montedih.me\/en\/partneri\/","title":{"rendered":"Partneri"},"content":{"rendered":"<p><span style=\"color: #ffffff;\">.<\/span><\/p>\n<p>MontEDIH acts as a consortium of leading institutions of Montenegro, which combine their resources, knowledge and infrastructure to provide comprehensive support for digital transformation<\/p>\n<p>&nbsp;<\/p>\n<h3>University of Montenegro (UCG) \u2013 project coordinator<\/h3>\n<p><a href=\"https:\/\/www.ucg.ac.me\/\"><img fetchpriority=\"high\" decoding=\"async\" class=\"alignleft wp-image-2856 size-medium\" src=\"https:\/\/www.montedih.me\/wp-content\/uploads\/2025\/04\/Tehnopolis-copy-300x201.png\" alt=\"\" width=\"300\" height=\"201\" srcset=\"https:\/\/www.montedih.me\/wp-content\/uploads\/2025\/04\/Tehnopolis-copy-300x201.png 300w, https:\/\/www.montedih.me\/wp-content\/uploads\/2025\/04\/Tehnopolis-copy.png 365w\" sizes=\"(max-width: 300px) 100vw, 300px\" \/><\/a>As a leading academic institution in the country, UCG contributes with its rich experience in the field of artificial intelligence, blockchain and IoT technologies. UCG owns specialized laboratories and infrastructure for testing the application of advanced digital technologies and coordinates the entire project. The Faculty of Electrical Engineering and the Faculty of Science and Mathematics bring key expertise in digital technologies and their practical application. The Project Office of the University of Montenegro provides support in the organization of workshops on EU funds and the establishment of international partnerships for research and innovation projects.<\/p>\n<p>&nbsp;<\/p>\n<p>&nbsp;<\/p>\n<p>&nbsp;<\/p>\n<h3>Chamber of Commerce of Montenegro (PKCG)<\/h3>\n<p><a href=\"https:\/\/komora.me\/\"><img decoding=\"async\" class=\"alignleft wp-image-2850 size-medium\" src=\"https:\/\/www.montedih.me\/wp-content\/uploads\/2025\/04\/Privredna-komora-1-1-300x201.png\" alt=\"\" width=\"300\" height=\"201\" srcset=\"https:\/\/www.montedih.me\/wp-content\/uploads\/2025\/04\/Privredna-komora-1-1-300x201.png 300w, https:\/\/www.montedih.me\/wp-content\/uploads\/2025\/04\/Privredna-komora-1-1.png 365w\" sizes=\"(max-width: 300px) 100vw, 300px\" \/><\/a>As a reliable partner of the Montenegrin economy, PKCG represents the interests of its members before state and other authorities, provides business and advisory services, encourages the development of entrepreneurship and promotes the domestic economy abroad. Within the framework of MontEDIH, PKCG focuses on assessing the digital maturity of companies, organizing workshops to strengthen digital competitiveness and business networking services. As a member of the Enterprise Europe Network (EEN), PKCG provides international connectivity and access to European markets.<\/p>\n<p>&nbsp;<\/p>\n<p>&nbsp;<\/p>\n<p>&nbsp;<\/p>\n<h3>IMTM \u2013 Institute of Modern Technologies Montenegro<\/h3>\n<p><a href=\"https:\/\/www.imtm.me\/\"><img decoding=\"async\" class=\"alignleft wp-image-2852 size-medium\" src=\"https:\/\/www.montedih.me\/wp-content\/uploads\/2025\/04\/Imtm-1-300x201.png\" alt=\"\" width=\"300\" height=\"201\" srcset=\"https:\/\/www.montedih.me\/wp-content\/uploads\/2025\/04\/Imtm-1-300x201.png 300w, https:\/\/www.montedih.me\/wp-content\/uploads\/2025\/04\/Imtm-1.png 365w\" sizes=\"(max-width: 300px) 100vw, 300px\" \/><\/a>IMTM brings expertise in the areas of data analysis, AI tools, data management and technology scouting. Their experience in implementing innovative digital solutions ensures high-quality technical support for users.<\/p>\n<p>&nbsp;<\/p>\n<p>&nbsp;<\/p>\n<p>&nbsp;<\/p>\n<p>&nbsp;<\/p>\n<p>&nbsp;<\/p>\n<h3>University of Donja Gorica (UDG)<\/h3>\n<p><a href=\"https:\/\/www.udg.edu.me\/\"><img loading=\"lazy\" decoding=\"async\" class=\"alignleft wp-image-2851 size-medium\" src=\"https:\/\/www.montedih.me\/wp-content\/uploads\/2025\/04\/Udg-1-300x201.png\" alt=\"\" width=\"300\" height=\"201\" srcset=\"https:\/\/www.montedih.me\/wp-content\/uploads\/2025\/04\/Udg-1-300x201.png 300w, https:\/\/www.montedih.me\/wp-content\/uploads\/2025\/04\/Udg-1.png 364w\" sizes=\"(max-width: 300px) 100vw, 300px\" \/><\/a>UDG contributes expertise in supercomputing (HPC) and high-performance data analysis (HPDA). As part of the EuroCC project, UDG has established a National Competence Center in the field of HPC. Within the framework of MontEDIH, UDG provides access to HPC resources, training and consulting services for the application of advanced computing technologies in business.<\/p>\n<p>&nbsp;<\/p>\n<p>&nbsp;<\/p>\n<p>&nbsp;<\/p>\n<p>&nbsp;<\/p>\n<h3>Innovation and Entrepreneurship Center Tehnopolis<\/h3>\n<p><a href=\"https:\/\/tehnopolis.me\/\"><img loading=\"lazy\" decoding=\"async\" class=\"alignleft wp-image-2854 size-medium\" src=\"https:\/\/www.montedih.me\/wp-content\/uploads\/2025\/04\/Tehnopolis-1-300x201.png\" alt=\"\" width=\"300\" height=\"201\" srcset=\"https:\/\/www.montedih.me\/wp-content\/uploads\/2025\/04\/Tehnopolis-1-300x201.png 300w, https:\/\/www.montedih.me\/wp-content\/uploads\/2025\/04\/Tehnopolis-1.png 365w\" sizes=\"(max-width: 300px) 100vw, 300px\" \/><\/a>Tehnopolis contributes to MontEDIH with its experience in supporting the development of startups and the application of modern technologies in production. Through modernly equipped laboratories, including a TechLab with 3D, CNC and robotic technologies, it provides infrastructure for testing innovative manufacturing solutions. As part of MontEDIH, Tehnopolis will organize trainings in the field of digital technologies in production and innovation competitions, allowing users to try new technologies before their implementation.<\/p>\n<p>&nbsp;<\/p>\n<p>&nbsp;<\/p>\n<p>&nbsp;<\/p>\n<h3>Science and Technology Park of Montenegro (NTP)<\/h3>\n<p><a href=\"https:\/\/ntpark.me\/\"><img loading=\"lazy\" decoding=\"async\" class=\"alignleft wp-image-2855 size-medium\" src=\"https:\/\/www.montedih.me\/wp-content\/uploads\/2025\/04\/NTC-1-300x200.png\" alt=\"\" width=\"300\" height=\"200\" srcset=\"https:\/\/www.montedih.me\/wp-content\/uploads\/2025\/04\/NTC-1-300x200.png 300w, https:\/\/www.montedih.me\/wp-content\/uploads\/2025\/04\/NTC-1.png 364w\" sizes=\"(max-width: 300px) 100vw, 300px\" \/><\/a>NTP actively promotes innovation and entrepreneurship, providing key support to startups and small and medium-sized enterprises in navigating through the complexities of the technology sector. Within MontEDIH, NTP will lead networking activities with other EDIHs and organize specialized bootcamp programs to encourage innovation and digital transformation.<\/p>\n<p>&nbsp;<\/p>\n<h3><\/h3>\n<p>&nbsp;<\/p>\n<h3>Center for finance (CF)<\/h3>\n<p><a href=\"https:\/\/centerforfinance.me\/\"><img loading=\"lazy\" decoding=\"async\" class=\"alignleft wp-image-3866 size-full\" src=\"https:\/\/www.montedih.me\/wp-content\/uploads\/2025\/05\/1-1.png\" alt=\"\" width=\"300\" height=\"176\" srcset=\"https:\/\/www.montedih.me\/wp-content\/uploads\/2025\/05\/1-1.png 300w, https:\/\/www.montedih.me\/wp-content\/uploads\/2025\/05\/1-1-18x12.png 18w\" sizes=\"(max-width: 300px) 100vw, 300px\" \/><\/a><\/p>\n<p>CF provides financial expertise and consulting, especially in the area of access to financing for digital transformation. Their services include consulting on the possibilities of investment financing from EU funds, professional assistance in finding suitable sources of financing, and testing of AI technology to assess financial readiness.<\/p>\n<p>&nbsp;<\/p>\n<p>&nbsp;<\/p>\n<h3><\/h3>\n<h3>ICT Cortex<\/h3>\n<p><a href=\"https:\/\/ictcortex.me\/en\/\"><img loading=\"lazy\" decoding=\"async\" class=\"alignleft wp-image-2853 size-medium\" src=\"https:\/\/www.montedih.me\/wp-content\/uploads\/2025\/04\/Cortex-1-300x201.png\" alt=\"\" width=\"300\" height=\"201\" srcset=\"https:\/\/www.montedih.me\/wp-content\/uploads\/2025\/04\/Cortex-1-300x201.png 300w, https:\/\/www.montedih.me\/wp-content\/uploads\/2025\/04\/Cortex-1.png 365w\" sizes=\"(max-width: 300px) 100vw, 300px\" \/><\/a>As a cluster that gathers over 40 ICT companies, ICT Cortex represents a key link between EDIH users who do not have internal development capacities and providers of technological solutions. Their contribution includes specific incubation programs for startup users of local incubators and the organization of conferences on the application of digital skills for specific industrial sectors.<\/p>\n<p>&nbsp;<\/p>\n<h3><span style=\"color: #ffffff;\">.<\/span><\/h3>\n<p>&nbsp;<\/p>","protected":false},"excerpt":{"rendered":"<p>. MontEDIH djeluje kao konzorcijum vode\u0107ih institucija Crne Gore, koje udru\u017euju svoje resurse, znanje i infrastrukturu kako bi pru\u017eile sveobuhvatnu podr\u0161ku digitalnoj transformaciji &nbsp; Univerzitet Crne Gore (UCG) &#8211; koordinator projekta Kao vode\u0107a akademska institucija u zemlji, UCG doprinosi svojim bogatim iskustvom u oblasti vje\u0161ta\u010dke inteligencije, blockchain i IoT tehnologija. UCG posjeduje specijalizovane laboratorije i [&hellip;]<\/p>","protected":false},"author":1,"featured_media":0,"parent":0,"menu_order":0,"comment_status":"closed","ping_status":"closed","template":"","meta":{"_mc_calendar":[],"footnotes":""},"class_list":["post-2630","page","type-page","status-publish","hentry"],"_links":{"self":[{"href":"https:\/\/www.montedih.me\/en\/wp-json\/wp\/v2\/pages\/2630","targetHints":{"allow":["GET"]}}],"collection":[{"href":"https:\/\/www.montedih.me\/en\/wp-json\/wp\/v2\/pages"}],"about":[{"href":"https:\/\/www.montedih.me\/en\/wp-json\/wp\/v2\/types\/page"}],"author":[{"embeddable":true,"href":"https:\/\/www.montedih.me\/en\/wp-json\/wp\/v2\/users\/1"}],"replies":[{"embeddable":true,"href":"https:\/\/www.montedih.me\/en\/wp-json\/wp\/v2\/comments?post=2630"}],"version-history":[{"count":25,"href":"https:\/\/www.montedih.me\/en\/wp-json\/wp\/v2\/pages\/2630\/revisions"}],"predecessor-version":[{"id":2634,"href":"https:\/\/www.montedih.me\/en\/wp-json\/wp\/v2\/pages\/2630\/revisions\/2634"}],"wp:attachment":[{"href":"https:\/\/www.montedih.me\/en\/wp-json\/wp\/v2\/media?parent=2630"}],"curies":[{"name":"wp","href":"https:\/\/api.w.org\/{rel}","templated":true}]}}